{"id":80,"date":"2022-02-25T15:27:20","date_gmt":"2022-02-25T14:27:20","guid":{"rendered":"https:\/\/praworolnika.pl\/?page_id=80"},"modified":"2022-02-25T15:32:38","modified_gmt":"2022-02-25T14:32:38","slug":"nota-prawna","status":"publish","type":"page","link":"https:\/\/praworolnika.pl\/?page_id=80","title":{"rendered":"Nota prawna"},"content":{"rendered":"\t\t<div data-elementor-type=\"wp-page\" data-elementor-id=\"80\" class=\"elementor elementor-80\">\n\t\t\t\t\t\t<section class=\"elementor-section elementor-top-section elementor-element elementor-element-463e137 elementor-section-boxed elementor-section-height-default elementor-section-height-default\" data-id=\"463e137\" data-element_type=\"section\">\n\t\t\t\t\t\t<div class=\"elementor-container elementor-column-gap-default\">\n\t\t\t\t\t<div class=\"elementor-column elementor-col-100 elementor-top-column elementor-element elementor-element-674a131\" data-id=\"674a131\" data-element_type=\"column\">\n\t\t\t<div class=\"elementor-widget-wrap elementor-element-populated\">\n\t\t\t\t\t\t<div class=\"elementor-element elementor-element-4e46bb4 elementor-widget elementor-widget-text-editor\" data-id=\"4e46bb4\" data-element_type=\"widget\" data-widget_type=\"text-editor.default\">\n\t\t\t\t<div class=\"elementor-widget-container\">\n\t\t\t\t\t\t\t<p>Wszelkie materia\u0142y na www.praworolnika.pl zamieszczone s\u0105 jedynie w celu informacyjnym i nie mog\u0105 by\u0107 traktowane jako porada prawna czy opinia prawna w \u017cadnej konkretnej sprawie. Administrator nie odpowiada za tre\u015bci zawarte na www.praworolnika.pl w jakimkolwiek zakresie, a w szczeg\u00f3lno\u015bci za jak\u0105kolwiek szkod\u0119 wyrz\u0105dzon\u0105 zastosowaniem, lub brakiem zastosowania si\u0119 do nich. Ryzyko zwi\u0105zane z u\u017cytkowaniem i wykorzystaniem materia\u0142\u00f3w umieszczonych na www.praworolnika.pl ponosi osoba z nich korzystaj\u0105ca. Pami\u0119taj, \u017ce w celu uzyskania porady prawnej lub opinii prawnej mo\u017cesz bezpo\u015brednio skontaktowa\u0107 si\u0119 z Administratorem.<\/p>\t\t\t\t\t\t<\/div>\n\t\t\t\t<\/div>\n\t\t\t\t\t<\/div>\n\t\t<\/div>\n\t\t\t\t\t<\/div>\n\t\t<\/section>\n\t\t\t\t<\/div>\n\t\t","protected":false},"excerpt":{"rendered":"<p>Wszelkie materia\u0142y na www.praworolnika.pl zamieszczone s\u0105 jedynie w celu informacyjnym i nie mog\u0105 by\u0107 traktowane jako porada prawna czy opinia prawna w \u017cadnej konkretnej sprawie. Administrator nie odpowiada za tre\u015bci&#8230;<\/p>\n","protected":false},"author":1,"featured_media":0,"parent":0,"menu_order":0,"comment_status":"closed","ping_status":"closed","template":"","meta":{"footnotes":""},"class_list":["post-80","page","type-page","status-publish","hentry"],"yoast_head":"<!-- This site is optimized with the Yoast SEO plugin v19.3 - https:\/\/yoast.com\/wordpress\/plugins\/seo\/ -->\n<title>Nota prawna - praworolnika.pl<\/title>\n<meta name=\"robots\" content=\"index, follow, max-snippet:-1, max-image-preview:large, max-video-preview:-1\" \/>\n<link rel=\"canonical\" href=\"https:\/\/praworolnika.pl\/?page_id=80\" \/>\n<meta property=\"og:locale\" content=\"pl_PL\" \/>\n<meta property=\"og:type\" content=\"article\" \/>\n<meta property=\"og:title\" content=\"Nota prawna - praworolnika.pl\" \/>\n<meta property=\"og:description\" content=\"Wszelkie materia\u0142y na www.praworolnika.pl zamieszczone s\u0105 jedynie w celu informacyjnym i nie mog\u0105 by\u0107 traktowane jako porada prawna czy opinia prawna w \u017cadnej konkretnej sprawie. Administrator nie odpowiada za tre\u015bci...\" \/>\n<meta property=\"og:url\" content=\"https:\/\/praworolnika.pl\/?page_id=80\" \/>\n<meta property=\"og:site_name\" content=\"praworolnika.pl\" \/>\n<meta property=\"article:modified_time\" content=\"2022-02-25T14:32:38+00:00\" \/>\n<meta name=\"twitter:card\" content=\"summary_large_image\" \/>\n<meta name=\"twitter:label1\" content=\"Szacowany czas czytania\" \/>\n\t<meta name=\"twitter:data1\" content=\"1 minuta\" \/>\n<script type=\"application\/ld+json\" class=\"yoast-schema-graph\">{\"@context\":\"https:\/\/schema.org\",\"@graph\":[{\"@type\":\"Organization\",\"@id\":\"https:\/\/praworolnika.pl\/#organization\",\"name\":\"praworolnika.pl\",\"url\":\"https:\/\/praworolnika.pl\/\",\"sameAs\":[],\"logo\":{\"@type\":\"ImageObject\",\"inLanguage\":\"pl-PL\",\"@id\":\"https:\/\/praworolnika.pl\/#\/schema\/logo\/image\/\",\"url\":\"https:\/\/praworolnika.pl\/wp-content\/uploads\/2022\/02\/cropped-praworolnika.pl_.png\",\"contentUrl\":\"https:\/\/praworolnika.pl\/wp-content\/uploads\/2022\/02\/cropped-praworolnika.pl_.png\",\"width\":390,\"height\":198,\"caption\":\"praworolnika.pl\"},\"image\":{\"@id\":\"https:\/\/praworolnika.pl\/#\/schema\/logo\/image\/\"}},{\"@type\":\"WebSite\",\"@id\":\"https:\/\/praworolnika.pl\/#website\",\"url\":\"https:\/\/praworolnika.pl\/\",\"name\":\"praworolnika.pl\",\"description\":\"\",\"publisher\":{\"@id\":\"https:\/\/praworolnika.pl\/#organization\"},\"potentialAction\":[{\"@type\":\"SearchAction\",\"target\":{\"@type\":\"EntryPoint\",\"urlTemplate\":\"https:\/\/praworolnika.pl\/?s={search_term_string}\"},\"query-input\":\"required name=search_term_string\"}],\"inLanguage\":\"pl-PL\"},{\"@type\":\"WebPage\",\"@id\":\"https:\/\/praworolnika.pl\/?page_id=80\",\"url\":\"https:\/\/praworolnika.pl\/?page_id=80\",\"name\":\"Nota prawna - praworolnika.pl\",\"isPartOf\":{\"@id\":\"https:\/\/praworolnika.pl\/#website\"},\"datePublished\":\"2022-02-25T14:27:20+00:00\",\"dateModified\":\"2022-02-25T14:32:38+00:00\",\"breadcrumb\":{\"@id\":\"https:\/\/praworolnika.pl\/?page_id=80#breadcrumb\"},\"inLanguage\":\"pl-PL\",\"potentialAction\":[{\"@type\":\"ReadAction\",\"target\":[\"https:\/\/praworolnika.pl\/?page_id=80\"]}]},{\"@type\":\"BreadcrumbList\",\"@id\":\"https:\/\/praworolnika.pl\/?page_id=80#breadcrumb\",\"itemListElement\":[{\"@type\":\"ListItem\",\"position\":1,\"name\":\"Home\",\"item\":\"https:\/\/praworolnika.pl\/\"},{\"@type\":\"ListItem\",\"position\":2,\"name\":\"Nota prawna\"}]}]}<\/script>\n<!-- \/ Yoast SEO plugin. -->","yoast_head_json":{"title":"Nota prawna - praworolnika.pl","robots":{"index":"index","follow":"follow","max-snippet":"max-snippet:-1","max-image-preview":"max-image-preview:large","max-video-preview":"max-video-preview:-1"},"canonical":"https:\/\/praworolnika.pl\/?page_id=80","og_locale":"pl_PL","og_type":"article","og_title":"Nota prawna - praworolnika.pl","og_description":"Wszelkie materia\u0142y na www.praworolnika.pl zamieszczone s\u0105 jedynie w celu informacyjnym i nie mog\u0105 by\u0107 traktowane jako porada prawna czy opinia prawna w \u017cadnej konkretnej sprawie. Administrator nie odpowiada za tre\u015bci...","og_url":"https:\/\/praworolnika.pl\/?page_id=80","og_site_name":"praworolnika.pl","article_modified_time":"2022-02-25T14:32:38+00:00","twitter_card":"summary_large_image","twitter_misc":{"Szacowany czas czytania":"1 minuta"},"schema":{"@context":"https:\/\/schema.org","@graph":[{"@type":"Organization","@id":"https:\/\/praworolnika.pl\/#organization","name":"praworolnika.pl","url":"https:\/\/praworolnika.pl\/","sameAs":[],"logo":{"@type":"ImageObject","inLanguage":"pl-PL","@id":"https:\/\/praworolnika.pl\/#\/schema\/logo\/image\/","url":"https:\/\/praworolnika.pl\/wp-content\/uploads\/2022\/02\/cropped-praworolnika.pl_.png","contentUrl":"https:\/\/praworolnika.pl\/wp-content\/uploads\/2022\/02\/cropped-praworolnika.pl_.png","width":390,"height":198,"caption":"praworolnika.pl"},"image":{"@id":"https:\/\/praworolnika.pl\/#\/schema\/logo\/image\/"}},{"@type":"WebSite","@id":"https:\/\/praworolnika.pl\/#website","url":"https:\/\/praworolnika.pl\/","name":"praworolnika.pl","description":"","publisher":{"@id":"https:\/\/praworolnika.pl\/#organization"},"potentialAction":[{"@type":"SearchAction","target":{"@type":"EntryPoint","urlTemplate":"https:\/\/praworolnika.pl\/?s={search_term_string}"},"query-input":"required name=search_term_string"}],"inLanguage":"pl-PL"},{"@type":"WebPage","@id":"https:\/\/praworolnika.pl\/?page_id=80","url":"https:\/\/praworolnika.pl\/?page_id=80","name":"Nota prawna - praworolnika.pl","isPartOf":{"@id":"https:\/\/praworolnika.pl\/#website"},"datePublished":"2022-02-25T14:27:20+00:00","dateModified":"2022-02-25T14:32:38+00:00","breadcrumb":{"@id":"https:\/\/praworolnika.pl\/?page_id=80#breadcrumb"},"inLanguage":"pl-PL","potentialAction":[{"@type":"ReadAction","target":["https:\/\/praworolnika.pl\/?page_id=80"]}]},{"@type":"BreadcrumbList","@id":"https:\/\/praworolnika.pl\/?page_id=80#breadcrumb","itemListElement":[{"@type":"ListItem","position":1,"name":"Home","item":"https:\/\/praworolnika.pl\/"},{"@type":"ListItem","position":2,"name":"Nota prawna"}]}]}},"_links":{"self":[{"href":"https:\/\/praworolnika.pl\/index.php?rest_route=\/wp\/v2\/pages\/80","targetHints":{"allow":["GET"]}}],"collection":[{"href":"https:\/\/praworolnika.pl\/index.php?rest_route=\/wp\/v2\/pages"}],"about":[{"href":"https:\/\/praworolnika.pl\/index.php?rest_route=\/wp\/v2\/types\/page"}],"author":[{"embeddable":true,"href":"https:\/\/praworolnika.pl\/index.php?rest_route=\/wp\/v2\/users\/1"}],"replies":[{"embeddable":true,"href":"https:\/\/praworolnika.pl\/index.php?rest_route=%2Fwp%2Fv2%2Fcomments&post=80"}],"version-history":[{"count":5,"href":"https:\/\/praworolnika.pl\/index.php?rest_route=\/wp\/v2\/pages\/80\/revisions"}],"predecessor-version":[{"id":86,"href":"https:\/\/praworolnika.pl\/index.php?rest_route=\/wp\/v2\/pages\/80\/revisions\/86"}],"wp:attachment":[{"href":"https:\/\/praworolnika.pl\/index.php?rest_route=%2Fwp%2Fv2%2Fmedia&parent=80"}],"curies":[{"name":"wp","href":"https:\/\/api.w.org\/{rel}","templated":true}]}}